{"id":129,"date":"2018-10-25T06:01:20","date_gmt":"2018-10-25T06:01:20","guid":{"rendered":"http:\/\/noe-gvv.at\/?page_id=129"},"modified":"2019-09-24T00:31:26","modified_gmt":"2019-09-23T22:31:26","slug":"der-gvv","status":"publish","type":"page","link":"https:\/\/noe-gvv.at\/?page_id=129","title":{"rendered":"Der GVV"},"content":{"rendered":"<p style=\"text-align: center;\">Der Verein, dessen T\u00e4tigkeit nicht auf Gewinn gerichtet ist, bezweckt den Parteiunabh\u00e4ngigen<br \/>\nGemeindevertretern in Nieder\u00f6sterreich beratend zur Seite zu stehen und eine Einheitlichkeit<br \/>\nder Gemeindepolitik nach bestimmten Grunds\u00e4tzen zu gew\u00e4hrleisten.<\/p>\n<p style=\"text-align: center;\">Statut zum herunterladen: <a href=\"http:\/\/noe-gvv.at\/wp-content\/uploads\/2019\/09\/Statuten-ZVR-GVV.pdf\" target=\"_blank\" rel=\"noopener noreferrer\">Statuten ZVR GVV.pdf<\/a><\/p>\n<p>Beitrittserkl\u00e4rung zum herunterladen: <a href=\"http:\/\/noe-gvv.at\/wp-content\/uploads\/2019\/09\/Beitrittserkl\u00e4rung-GVV.pdf\" target=\"_blank\" rel=\"noopener noreferrer\">Beitrittserkl\u00e4rung GVV.pdf<\/a><\/p>\n","protected":false},"excerpt":{"rendered":"<p>Der Verein, dessen T\u00e4tigkeit nicht auf Gewinn gerichtet ist, bezweckt den Parteiunabh\u00e4ngigen Gemeindevertretern in Nieder\u00f6sterreich beratend zur Seite zu stehen und eine Einheitlichkeit der Gemeindepolitik nach bestimmten Grunds\u00e4tzen zu gew\u00e4hrleisten. Statut zum herunterladen: Statuten ZVR GVV.pdf Beitrittserkl\u00e4rung zum herunterladen: Beitrittserkl\u00e4rung GVV.pdf<\/p>\n","protected":false},"author":1,"featured_media":6,"parent":0,"menu_order":0,"comment_status":"closed","ping_status":"closed","template":"","meta":{"footnotes":""},"class_list":["post-129","page","type-page","status-publish","has-post-thumbnail","hentry"],"yoast_head":"<!-- This site is optimized with the Yoast SEO plugin v23.1 - https:\/\/yoast.com\/wordpress\/plugins\/seo\/ -->\n<title>Der GVV - N\u00d6 GVV<\/title>\n<meta name=\"robots\" content=\"index, follow, max-snippet:-1, max-image-preview:large, max-video-preview:-1\" \/>\n<link rel=\"canonical\" href=\"https:\/\/noe-gvv.at\/?page_id=129\" \/>\n<meta property=\"og:locale\" content=\"de_DE\" \/>\n<meta property=\"og:type\" content=\"article\" \/>\n<meta property=\"og:title\" content=\"Der GVV - N\u00d6 GVV\" \/>\n<meta property=\"og:description\" content=\"Der Verein, dessen T\u00e4tigkeit nicht auf Gewinn gerichtet ist, bezweckt den Parteiunabh\u00e4ngigen Gemeindevertretern in Nieder\u00f6sterreich beratend zur Seite zu stehen und eine Einheitlichkeit der Gemeindepolitik nach bestimmten Grunds\u00e4tzen zu gew\u00e4hrleisten. Statut zum herunterladen: Statuten ZVR GVV.pdf Beitrittserkl\u00e4rung zum herunterladen: Beitrittserkl\u00e4rung GVV.pdf\" \/>\n<meta property=\"og:url\" content=\"https:\/\/noe-gvv.at\/?page_id=129\" \/>\n<meta property=\"og:site_name\" content=\"N\u00d6 GVV\" \/>\n<meta property=\"article:modified_time\" content=\"2019-09-23T22:31:26+00:00\" \/>\n<meta property=\"og:image\" content=\"https:\/\/noe-gvv.at\/wp-content\/uploads\/2018\/10\/waterwheel-2788570_1920.jpg\" \/>\n\t<meta property=\"og:image:width\" content=\"1920\" \/>\n\t<meta property=\"og:image:height\" content=\"1440\" \/>\n\t<meta property=\"og:image:type\" content=\"image\/jpeg\" \/>\n<meta name=\"twitter:card\" content=\"summary_large_image\" \/>\n<script type=\"application\/ld+json\" class=\"yoast-schema-graph\">{\"@context\":\"https:\/\/schema.org\",\"@graph\":[{\"@type\":\"WebPage\",\"@id\":\"https:\/\/noe-gvv.at\/?page_id=129\",\"url\":\"https:\/\/noe-gvv.at\/?page_id=129\",\"name\":\"Der GVV - N\u00d6 GVV\",\"isPartOf\":{\"@id\":\"https:\/\/noe-gvv.at\/#website\"},\"primaryImageOfPage\":{\"@id\":\"https:\/\/noe-gvv.at\/?page_id=129#primaryimage\"},\"image\":{\"@id\":\"https:\/\/noe-gvv.at\/?page_id=129#primaryimage\"},\"thumbnailUrl\":\"https:\/\/noe-gvv.at\/wp-content\/uploads\/2018\/10\/waterwheel-2788570_1920.jpg\",\"datePublished\":\"2018-10-25T06:01:20+00:00\",\"dateModified\":\"2019-09-23T22:31:26+00:00\",\"breadcrumb\":{\"@id\":\"https:\/\/noe-gvv.at\/?page_id=129#breadcrumb\"},\"inLanguage\":\"de\",\"potentialAction\":[{\"@type\":\"ReadAction\",\"target\":[\"https:\/\/noe-gvv.at\/?page_id=129\"]}]},{\"@type\":\"ImageObject\",\"inLanguage\":\"de\",\"@id\":\"https:\/\/noe-gvv.at\/?page_id=129#primaryimage\",\"url\":\"https:\/\/noe-gvv.at\/wp-content\/uploads\/2018\/10\/waterwheel-2788570_1920.jpg\",\"contentUrl\":\"https:\/\/noe-gvv.at\/wp-content\/uploads\/2018\/10\/waterwheel-2788570_1920.jpg\",\"width\":1920,\"height\":1440},{\"@type\":\"BreadcrumbList\",\"@id\":\"https:\/\/noe-gvv.at\/?page_id=129#breadcrumb\",\"itemListElement\":[{\"@type\":\"ListItem\",\"position\":1,\"name\":\"Startseite\",\"item\":\"https:\/\/noe-gvv.at\/\"},{\"@type\":\"ListItem\",\"position\":2,\"name\":\"Der GVV\"}]},{\"@type\":\"WebSite\",\"@id\":\"https:\/\/noe-gvv.at\/#website\",\"url\":\"https:\/\/noe-gvv.at\/\",\"name\":\"N\u00d6 GVV\",\"description\":\"PARTEIUNABH\u00c4NIGER GEMEINDEVERTRETER NIEDER\u00d6STERREICH\",\"potentialAction\":[{\"@type\":\"SearchAction\",\"target\":{\"@type\":\"EntryPoint\",\"urlTemplate\":\"https:\/\/noe-gvv.at\/?s={search_term_string}\"},\"query-input\":\"required name=search_term_string\"}],\"inLanguage\":\"de\"}]}<\/script>\n<!-- \/ Yoast SEO plugin. -->","yoast_head_json":{"title":"Der GVV - N\u00d6 GVV","robots":{"index":"index","follow":"follow","max-snippet":"max-snippet:-1","max-image-preview":"max-image-preview:large","max-video-preview":"max-video-preview:-1"},"canonical":"https:\/\/noe-gvv.at\/?page_id=129","og_locale":"de_DE","og_type":"article","og_title":"Der GVV - N\u00d6 GVV","og_description":"Der Verein, dessen T\u00e4tigkeit nicht auf Gewinn gerichtet ist, bezweckt den Parteiunabh\u00e4ngigen Gemeindevertretern in Nieder\u00f6sterreich beratend zur Seite zu stehen und eine Einheitlichkeit der Gemeindepolitik nach bestimmten Grunds\u00e4tzen zu gew\u00e4hrleisten. Statut zum herunterladen: Statuten ZVR GVV.pdf Beitrittserkl\u00e4rung zum herunterladen: Beitrittserkl\u00e4rung GVV.pdf","og_url":"https:\/\/noe-gvv.at\/?page_id=129","og_site_name":"N\u00d6 GVV","article_modified_time":"2019-09-23T22:31:26+00:00","og_image":[{"width":1920,"height":1440,"url":"https:\/\/noe-gvv.at\/wp-content\/uploads\/2018\/10\/waterwheel-2788570_1920.jpg","type":"image\/jpeg"}],"twitter_card":"summary_large_image","schema":{"@context":"https:\/\/schema.org","@graph":[{"@type":"WebPage","@id":"https:\/\/noe-gvv.at\/?page_id=129","url":"https:\/\/noe-gvv.at\/?page_id=129","name":"Der GVV - N\u00d6 GVV","isPartOf":{"@id":"https:\/\/noe-gvv.at\/#website"},"primaryImageOfPage":{"@id":"https:\/\/noe-gvv.at\/?page_id=129#primaryimage"},"image":{"@id":"https:\/\/noe-gvv.at\/?page_id=129#primaryimage"},"thumbnailUrl":"https:\/\/noe-gvv.at\/wp-content\/uploads\/2018\/10\/waterwheel-2788570_1920.jpg","datePublished":"2018-10-25T06:01:20+00:00","dateModified":"2019-09-23T22:31:26+00:00","breadcrumb":{"@id":"https:\/\/noe-gvv.at\/?page_id=129#breadcrumb"},"inLanguage":"de","potentialAction":[{"@type":"ReadAction","target":["https:\/\/noe-gvv.at\/?page_id=129"]}]},{"@type":"ImageObject","inLanguage":"de","@id":"https:\/\/noe-gvv.at\/?page_id=129#primaryimage","url":"https:\/\/noe-gvv.at\/wp-content\/uploads\/2018\/10\/waterwheel-2788570_1920.jpg","contentUrl":"https:\/\/noe-gvv.at\/wp-content\/uploads\/2018\/10\/waterwheel-2788570_1920.jpg","width":1920,"height":1440},{"@type":"BreadcrumbList","@id":"https:\/\/noe-gvv.at\/?page_id=129#breadcrumb","itemListElement":[{"@type":"ListItem","position":1,"name":"Startseite","item":"https:\/\/noe-gvv.at\/"},{"@type":"ListItem","position":2,"name":"Der GVV"}]},{"@type":"WebSite","@id":"https:\/\/noe-gvv.at\/#website","url":"https:\/\/noe-gvv.at\/","name":"N\u00d6 GVV","description":"PARTEIUNABH\u00c4NIGER GEMEINDEVERTRETER NIEDER\u00d6STERREICH","potentialAction":[{"@type":"SearchAction","target":{"@type":"EntryPoint","urlTemplate":"https:\/\/noe-gvv.at\/?s={search_term_string}"},"query-input":"required name=search_term_string"}],"inLanguage":"de"}]}},"_links":{"self":[{"href":"https:\/\/noe-gvv.at\/index.php?rest_route=\/wp\/v2\/pages\/129"}],"collection":[{"href":"https:\/\/noe-gvv.at\/index.php?rest_route=\/wp\/v2\/pages"}],"about":[{"href":"https:\/\/noe-gvv.at\/index.php?rest_route=\/wp\/v2\/types\/page"}],"author":[{"embeddable":true,"href":"https:\/\/noe-gvv.at\/index.php?rest_route=\/wp\/v2\/users\/1"}],"replies":[{"embeddable":true,"href":"https:\/\/noe-gvv.at\/index.php?rest_route=%2Fwp%2Fv2%2Fcomments&post=129"}],"version-history":[{"count":6,"href":"https:\/\/noe-gvv.at\/index.php?rest_route=\/wp\/v2\/pages\/129\/revisions"}],"predecessor-version":[{"id":379,"href":"https:\/\/noe-gvv.at\/index.php?rest_route=\/wp\/v2\/pages\/129\/revisions\/379"}],"wp:featuredmedia":[{"embeddable":true,"href":"https:\/\/noe-gvv.at\/index.php?rest_route=\/wp\/v2\/media\/6"}],"wp:attachment":[{"href":"https:\/\/noe-gvv.at\/index.php?rest_route=%2Fwp%2Fv2%2Fmedia&parent=129"}],"curies":[{"name":"wp","href":"https:\/\/api.w.org\/{rel}","templated":true}]}}