{"id":235,"date":"2018-11-03T18:30:58","date_gmt":"2018-11-03T17:30:58","guid":{"rendered":"http:\/\/noe-gvv.at\/?page_id=235"},"modified":"2019-09-24T00:32:46","modified_gmt":"2019-09-23T22:32:46","slug":"mitgliederbereich","status":"publish","type":"page","link":"https:\/\/noe-gvv.at\/?page_id=235","title":{"rendered":"Mitgliederbereich"},"content":{"rendered":"","protected":true},"excerpt":{"rendered":"","protected":true},"author":1,"featured_media":90,"parent":0,"menu_order":0,"comment_status":"closed","ping_status":"closed","template":"","meta":{"footnotes":""},"class_list":["post-235","page","type-page","status-publish","post-password-required","hentry"],"yoast_head":"<!-- This site is optimized with the Yoast SEO plugin v23.1 - https:\/\/yoast.com\/wordpress\/plugins\/seo\/ -->\n<title>Mitgliederbereich - N\u00d6 GVV<\/title>\n<meta name=\"robots\" content=\"index, follow, max-snippet:-1, max-image-preview:large, max-video-preview:-1\" \/>\n<link rel=\"canonical\" href=\"https:\/\/noe-gvv.at\/?page_id=235\" \/>\n<meta property=\"og:locale\" content=\"de_DE\" \/>\n<meta property=\"og:type\" content=\"article\" \/>\n<meta property=\"og:title\" content=\"Mitgliederbereich - N\u00d6 GVV\" \/>\n<meta property=\"og:description\" content=\"Es gibt keinen Textauszug, da dies ein gesch\u00fctzter Beitrag ist.\" \/>\n<meta property=\"og:url\" content=\"https:\/\/noe-gvv.at\/?page_id=235\" \/>\n<meta property=\"og:site_name\" content=\"N\u00d6 GVV\" \/>\n<meta property=\"article:modified_time\" content=\"2019-09-23T22:32:46+00:00\" \/>\n<meta name=\"twitter:card\" content=\"summary_large_image\" \/>\n<script type=\"application\/ld+json\" class=\"yoast-schema-graph\">{\"@context\":\"https:\/\/schema.org\",\"@graph\":[{\"@type\":\"WebPage\",\"@id\":\"https:\/\/noe-gvv.at\/?page_id=235\",\"url\":\"https:\/\/noe-gvv.at\/?page_id=235\",\"name\":\"Mitgliederbereich - N\u00d6 GVV\",\"isPartOf\":{\"@id\":\"https:\/\/noe-gvv.at\/#website\"},\"datePublished\":\"2018-11-03T17:30:58+00:00\",\"dateModified\":\"2019-09-23T22:32:46+00:00\",\"breadcrumb\":{\"@id\":\"https:\/\/noe-gvv.at\/?page_id=235#breadcrumb\"},\"inLanguage\":\"de\"},{\"@type\":\"WebSite\",\"@id\":\"https:\/\/noe-gvv.at\/#website\",\"url\":\"https:\/\/noe-gvv.at\/\",\"name\":\"N\u00d6 GVV\",\"description\":\"PARTEIUNABH\u00c4NIGER GEMEINDEVERTRETER NIEDER\u00d6STERREICH\",\"potentialAction\":[{\"@type\":\"SearchAction\",\"target\":{\"@type\":\"EntryPoint\",\"urlTemplate\":\"https:\/\/noe-gvv.at\/?s={search_term_string}\"},\"query-input\":\"required name=search_term_string\"}],\"inLanguage\":\"de\"}]}<\/script>\n<!-- \/ Yoast SEO plugin. -->","yoast_head_json":{"title":"Mitgliederbereich - N\u00d6 GVV","robots":{"index":"index","follow":"follow","max-snippet":"max-snippet:-1","max-image-preview":"max-image-preview:large","max-video-preview":"max-video-preview:-1"},"canonical":"https:\/\/noe-gvv.at\/?page_id=235","og_locale":"de_DE","og_type":"article","og_title":"Mitgliederbereich - N\u00d6 GVV","og_description":"Es gibt keinen Textauszug, da dies ein gesch\u00fctzter Beitrag ist.","og_url":"https:\/\/noe-gvv.at\/?page_id=235","og_site_name":"N\u00d6 GVV","article_modified_time":"2019-09-23T22:32:46+00:00","twitter_card":"summary_large_image","schema":{"@context":"https:\/\/schema.org","@graph":[{"@type":"WebPage","@id":"https:\/\/noe-gvv.at\/?page_id=235","url":"https:\/\/noe-gvv.at\/?page_id=235","name":"Mitgliederbereich - N\u00d6 GVV","isPartOf":{"@id":"https:\/\/noe-gvv.at\/#website"},"datePublished":"2018-11-03T17:30:58+00:00","dateModified":"2019-09-23T22:32:46+00:00","breadcrumb":{"@id":"https:\/\/noe-gvv.at\/?page_id=235#breadcrumb"},"inLanguage":"de"},{"@type":"WebSite","@id":"https:\/\/noe-gvv.at\/#website","url":"https:\/\/noe-gvv.at\/","name":"N\u00d6 GVV","description":"PARTEIUNABH\u00c4NIGER GEMEINDEVERTRETER NIEDER\u00d6STERREICH","potentialAction":[{"@type":"SearchAction","target":{"@type":"EntryPoint","urlTemplate":"https:\/\/noe-gvv.at\/?s={search_term_string}"},"query-input":"required name=search_term_string"}],"inLanguage":"de"}]}},"_links":{"self":[{"href":"https:\/\/noe-gvv.at\/index.php?rest_route=\/wp\/v2\/pages\/235"}],"collection":[{"href":"https:\/\/noe-gvv.at\/index.php?rest_route=\/wp\/v2\/pages"}],"about":[{"href":"https:\/\/noe-gvv.at\/index.php?rest_route=\/wp\/v2\/types\/page"}],"author":[{"embeddable":true,"href":"https:\/\/noe-gvv.at\/index.php?rest_route=\/wp\/v2\/users\/1"}],"replies":[{"embeddable":true,"href":"https:\/\/noe-gvv.at\/index.php?rest_route=%2Fwp%2Fv2%2Fcomments&post=235"}],"version-history":[{"count":1,"href":"https:\/\/noe-gvv.at\/index.php?rest_route=\/wp\/v2\/pages\/235\/revisions"}],"predecessor-version":[{"id":236,"href":"https:\/\/noe-gvv.at\/index.php?rest_route=\/wp\/v2\/pages\/235\/revisions\/236"}],"wp:featuredmedia":[{"embeddable":true,"href":"https:\/\/noe-gvv.at\/index.php?rest_route=\/wp\/v2\/media\/90"}],"wp:attachment":[{"href":"https:\/\/noe-gvv.at\/index.php?rest_route=%2Fwp%2Fv2%2Fmedia&parent=235"}],"curies":[{"name":"wp","href":"https:\/\/api.w.org\/{rel}","templated":true}]}}